{"id":65,"date":"2025-03-06T19:55:41","date_gmt":"2025-03-06T18:55:41","guid":{"rendered":"https:\/\/fiscalteca.com\/?page_id=65"},"modified":"2025-07-02T21:29:40","modified_gmt":"2025-07-02T20:29:40","slug":"quien-esta-detras-de-la-fiscalteca","status":"publish","type":"page","link":"https:\/\/fiscalteca.com\/?page_id=65","title":{"rendered":"\u00bfQui\u00e9n est\u00e1 detr\u00e1s de la Fiscalteca?"},"content":{"rendered":"\n<div class=\"wp-block-group alignfull is-layout-flow wp-block-group-is-layout-flow\">\n<div class=\"wp-block-group alignfull has-global-padding is-layout-constrained wp-container-core-group-is-layout-e6b03481 wp-block-group-is-layout-constrained\" style=\"margin-top:0;margin-bottom:0;padding-top:var(--wp--preset--spacing--superbspacing-xxlarge);padding-right:var(--wp--preset--spacing--superbspacing-small);padding-bottom:var(--wp--preset--spacing--superbspacing-xxlarge);padding-left:var(--wp--preset--spacing--superbspacing-small)\">\n<div class=\"wp-block-group alignwide has-global-padding is-layout-constrained wp-container-core-group-is-layout-71f7e72a wp-block-group-is-layout-constrained\">\n<figure class=\"wp-block-image aligncenter size-full is-resized has-custom-border\"><img loading=\"lazy\" decoding=\"async\" width=\"1024\" height=\"1024\" src=\"https:\/\/fiscalteca.com\/wp-content\/uploads\/2025\/07\/DALL\u00b7E-2025-07-02-21.09.11-Black-and-white-comic-style-drawing-of-a-young-woman-in-a-modern-law-office-resembling-a-specific-person.-She-has-long-dark-wavy-hair-fair-skin-so.webp\" alt=\"\" class=\"wp-image-251\" style=\"border-radius:50%;width:340px;height:auto\" srcset=\"https:\/\/fiscalteca.com\/wp-content\/uploads\/2025\/07\/DALL\u00b7E-2025-07-02-21.09.11-Black-and-white-comic-style-drawing-of-a-young-woman-in-a-modern-law-office-resembling-a-specific-person.-She-has-long-dark-wavy-hair-fair-skin-so.webp 1024w, https:\/\/fiscalteca.com\/wp-content\/uploads\/2025\/07\/DALL\u00b7E-2025-07-02-21.09.11-Black-and-white-comic-style-drawing-of-a-young-woman-in-a-modern-law-office-resembling-a-specific-person.-She-has-long-dark-wavy-hair-fair-skin-so-300x300.webp 300w, https:\/\/fiscalteca.com\/wp-content\/uploads\/2025\/07\/DALL\u00b7E-2025-07-02-21.09.11-Black-and-white-comic-style-drawing-of-a-young-woman-in-a-modern-law-office-resembling-a-specific-person.-She-has-long-dark-wavy-hair-fair-skin-so-150x150.webp 150w, https:\/\/fiscalteca.com\/wp-content\/uploads\/2025\/07\/DALL\u00b7E-2025-07-02-21.09.11-Black-and-white-comic-style-drawing-of-a-young-woman-in-a-modern-law-office-resembling-a-specific-person.-She-has-long-dark-wavy-hair-fair-skin-so-768x768.webp 768w\" sizes=\"auto, (max-width: 1024px) 100vw, 1024px\" \/><\/figure>\n\n\n\n<h2 class=\"wp-block-heading has-text-align-center has-contrast-color has-text-color has-superbfont-large-font-size\">Andrea Dom\u00ednguez Trillo<\/h2>\n\n\n\n<p class=\"has-text-align-center has-secondary-color has-text-color has-superbfont-small-font-size\">Andrea es una asesora fiscal que curs\u00f3 su m\u00e1ster de especializaci\u00f3n en asesor\u00eda fiscal en el Centro de Estudios Financieros (CEF). Actualmente cursa el m\u00e1ster de Acceso a la Abogac\u00eda en la Universitat Oberta de Catalunya (UOC).<\/p>\n<\/div>\n\n\n\n<div class=\"wp-block-columns alignwide is-layout-flex wp-container-core-columns-is-layout-596307b8 wp-block-columns-is-layout-flex\">\n<div class=\"wp-block-column is-vertically-aligned-center is-layout-flow wp-container-core-column-is-layout-e38e6d2d wp-block-column-is-layout-flow\">\n<div class=\"wp-block-group has-border-color has-mono-3-border-color has-base-background-color has-background has-global-padding is-layout-constrained wp-container-core-group-is-layout-c7f12940 wp-block-group-is-layout-constrained\" style=\"border-radius:20px;padding-top:var(--wp--preset--spacing--superbspacing-xsmall);padding-right:var(--wp--preset--spacing--superbspacing-xsmall);padding-bottom:var(--wp--preset--spacing--superbspacing-xsmall);padding-left:var(--wp--preset--spacing--superbspacing-xsmall)\">\n<ul class=\"wp-block-social-links has-large-icon-size is-content-justification-center is-layout-flex wp-container-core-social-links-is-layout-a89b3969 wp-block-social-links-is-layout-flex\"><li class=\"wp-social-link wp-social-link-mail  wp-block-social-link\"><a href=\"mailto:i&#110;fo&#064;f&#105;&#115;&#099;&#097;&#108;t&#101;&#099;a&#046;c&#111;&#109;\" class=\"wp-block-social-link-anchor\"><svg width=\"24\" height=\"24\" viewBox=\"0 0 24 24\" version=\"1.1\" xmlns=\"http:\/\/www.w3.org\/2000\/svg\" aria-hidden=\"true\" focusable=\"false\"><path d=\"M19,5H5c-1.1,0-2,.9-2,2v10c0,1.1.9,2,2,2h14c1.1,0,2-.9,2-2V7c0-1.1-.9-2-2-2zm.5,12c0,.3-.2.5-.5.5H5c-.3,0-.5-.2-.5-.5V9.8l7.5,5.6,7.5-5.6V17zm0-9.1L12,13.6,4.5,7.9V7c0-.3.2-.5.5-.5h14c.3,0,.5.2.5.5v.9z\"><\/path><\/svg><span class=\"wp-block-social-link-label screen-reader-text\">Correo electr\u00f3nico<\/span><\/a><\/li><\/ul>\n\n\n\n<p class=\"has-text-align-center has-secondary-color has-text-color has-superbfont-xsmall-font-size\">info@fiscalteca.com<\/p>\n<\/div>\n<\/div>\n\n\n\n<div class=\"wp-block-column is-vertically-aligned-center is-layout-flow wp-container-core-column-is-layout-e38e6d2d wp-block-column-is-layout-flow\">\n<div class=\"wp-block-group has-border-color has-mono-3-border-color has-base-background-color has-background has-global-padding is-layout-constrained wp-container-core-group-is-layout-c7f12940 wp-block-group-is-layout-constrained\" style=\"border-radius:20px;padding-top:var(--wp--preset--spacing--superbspacing-xsmall);padding-right:var(--wp--preset--spacing--superbspacing-xsmall);padding-bottom:var(--wp--preset--spacing--superbspacing-xsmall);padding-left:var(--wp--preset--spacing--superbspacing-xsmall)\">\n<ul class=\"wp-block-social-links has-large-icon-size is-content-justification-center is-layout-flex wp-container-core-social-links-is-layout-a89b3969 wp-block-social-links-is-layout-flex\"><li class=\"wp-social-link wp-social-link-linkedin  wp-block-social-link\"><a href=\"http:\/\/www.linkedin.com\/in\/andreadom\u00edngueztrillo\" class=\"wp-block-social-link-anchor\"><svg width=\"24\" height=\"24\" viewBox=\"0 0 24 24\" version=\"1.1\" xmlns=\"http:\/\/www.w3.org\/2000\/svg\" aria-hidden=\"true\" focusable=\"false\"><path d=\"M19.7,3H4.3C3.582,3,3,3.582,3,4.3v15.4C3,20.418,3.582,21,4.3,21h15.4c0.718,0,1.3-0.582,1.3-1.3V4.3 C21,3.582,20.418,3,19.7,3z M8.339,18.338H5.667v-8.59h2.672V18.338z M7.004,8.574c-0.857,0-1.549-0.694-1.549-1.548 c0-0.855,0.691-1.548,1.549-1.548c0.854,0,1.547,0.694,1.547,1.548C8.551,7.881,7.858,8.574,7.004,8.574z M18.339,18.338h-2.669 v-4.177c0-0.996-0.017-2.278-1.387-2.278c-1.389,0-1.601,1.086-1.601,2.206v4.249h-2.667v-8.59h2.559v1.174h0.037 c0.356-0.675,1.227-1.387,2.526-1.387c2.703,0,3.203,1.779,3.203,4.092V18.338z\"><\/path><\/svg><span class=\"wp-block-social-link-label screen-reader-text\">LinkedIn<\/span><\/a><\/li><\/ul>\n\n\n\n<p class=\"has-text-align-center has-secondary-color has-text-color has-superbfont-xsmall-font-size\">Andrea Dom\u00ednguez<\/p>\n<\/div>\n<\/div>\n\n\n\n<div class=\"wp-block-column is-vertically-aligned-center is-layout-flow wp-container-core-column-is-layout-e38e6d2d wp-block-column-is-layout-flow\">\n<div class=\"wp-block-group has-border-color has-mono-3-border-color has-base-background-color has-background has-global-padding is-layout-constrained wp-container-core-group-is-layout-c7f12940 wp-block-group-is-layout-constrained\" style=\"border-radius:20px;padding-top:var(--wp--preset--spacing--superbspacing-xsmall);padding-right:var(--wp--preset--spacing--superbspacing-xsmall);padding-bottom:var(--wp--preset--spacing--superbspacing-xsmall);padding-left:var(--wp--preset--spacing--superbspacing-xsmall)\">\n<ul class=\"wp-block-social-links has-large-icon-size is-content-justification-center is-layout-flex wp-container-core-social-links-is-layout-a89b3969 wp-block-social-links-is-layout-flex\"><li class=\"wp-social-link wp-social-link-instagram  wp-block-social-link\"><a href=\"https:\/\/www.instagram.com\/fiscalteca\/?igsh=MXdtc2Y3MHU0Y2xkeQ%3D%3D&#038;utm_source=qr\" class=\"wp-block-social-link-anchor\"><svg width=\"24\" height=\"24\" viewBox=\"0 0 24 24\" version=\"1.1\" xmlns=\"http:\/\/www.w3.org\/2000\/svg\" aria-hidden=\"true\" focusable=\"false\"><path d=\"M12,4.622c2.403,0,2.688,0.009,3.637,0.052c0.877,0.04,1.354,0.187,1.671,0.31c0.42,0.163,0.72,0.358,1.035,0.673 c0.315,0.315,0.51,0.615,0.673,1.035c0.123,0.317,0.27,0.794,0.31,1.671c0.043,0.949,0.052,1.234,0.052,3.637 s-0.009,2.688-0.052,3.637c-0.04,0.877-0.187,1.354-0.31,1.671c-0.163,0.42-0.358,0.72-0.673,1.035 c-0.315,0.315-0.615,0.51-1.035,0.673c-0.317,0.123-0.794,0.27-1.671,0.31c-0.949,0.043-1.233,0.052-3.637,0.052 s-2.688-0.009-3.637-0.052c-0.877-0.04-1.354-0.187-1.671-0.31c-0.42-0.163-0.72-0.358-1.035-0.673 c-0.315-0.315-0.51-0.615-0.673-1.035c-0.123-0.317-0.27-0.794-0.31-1.671C4.631,14.688,4.622,14.403,4.622,12 s0.009-2.688,0.052-3.637c0.04-0.877,0.187-1.354,0.31-1.671c0.163-0.42,0.358-0.72,0.673-1.035 c0.315-0.315,0.615-0.51,1.035-0.673c0.317-0.123,0.794-0.27,1.671-0.31C9.312,4.631,9.597,4.622,12,4.622 M12,3 C9.556,3,9.249,3.01,8.289,3.054C7.331,3.098,6.677,3.25,6.105,3.472C5.513,3.702,5.011,4.01,4.511,4.511 c-0.5,0.5-0.808,1.002-1.038,1.594C3.25,6.677,3.098,7.331,3.054,8.289C3.01,9.249,3,9.556,3,12c0,2.444,0.01,2.751,0.054,3.711 c0.044,0.958,0.196,1.612,0.418,2.185c0.23,0.592,0.538,1.094,1.038,1.594c0.5,0.5,1.002,0.808,1.594,1.038 c0.572,0.222,1.227,0.375,2.185,0.418C9.249,20.99,9.556,21,12,21s2.751-0.01,3.711-0.054c0.958-0.044,1.612-0.196,2.185-0.418 c0.592-0.23,1.094-0.538,1.594-1.038c0.5-0.5,0.808-1.002,1.038-1.594c0.222-0.572,0.375-1.227,0.418-2.185 C20.99,14.751,21,14.444,21,12s-0.01-2.751-0.054-3.711c-0.044-0.958-0.196-1.612-0.418-2.185c-0.23-0.592-0.538-1.094-1.038-1.594 c-0.5-0.5-1.002-0.808-1.594-1.038c-0.572-0.222-1.227-0.375-2.185-0.418C14.751,3.01,14.444,3,12,3L12,3z M12,7.378 c-2.552,0-4.622,2.069-4.622,4.622S9.448,16.622,12,16.622s4.622-2.069,4.622-4.622S14.552,7.378,12,7.378z M12,15 c-1.657,0-3-1.343-3-3s1.343-3,3-3s3,1.343,3,3S13.657,15,12,15z M16.804,6.116c-0.596,0-1.08,0.484-1.08,1.08 s0.484,1.08,1.08,1.08c0.596,0,1.08-0.484,1.08-1.08S17.401,6.116,16.804,6.116z\"><\/path><\/svg><span class=\"wp-block-social-link-label screen-reader-text\">Instagram<\/span><\/a><\/li><\/ul>\n\n\n\n<p class=\"has-text-align-center has-secondary-color has-text-color has-superbfont-xsmall-font-size\">@fiscalteca<\/p>\n<\/div>\n<\/div>\n<\/div>\n<\/div>\n<\/div>\n","protected":false},"excerpt":{"rendered":"<p>Andrea Dom\u00ednguez Trillo Andrea es una asesora fiscal que curs\u00f3 su m\u00e1ster de especializaci\u00f3n en asesor\u00eda fiscal en el Centro de Estudios Financieros (CEF). Actualmente cursa el m\u00e1ster de Acceso a la Abogac\u00eda en la Universitat Oberta de Catalunya (UOC). info@fiscalteca.com Andrea Dom\u00ednguez @fiscalteca<\/p>\n","protected":false},"author":2,"featured_media":0,"parent":0,"menu_order":0,"comment_status":"closed","ping_status":"closed","template":"","meta":{"footnotes":""},"class_list":["post-65","page","type-page","status-publish","hentry"],"yoast_head":"<!-- This site is optimized with the Yoast SEO plugin v25.4 - https:\/\/yoast.com\/wordpress\/plugins\/seo\/ -->\n<title>\u00bfQui\u00e9n est\u00e1 detr\u00e1s de la Fiscalteca? - Fiscalteca<\/title>\n<meta name=\"robots\" content=\"index, follow, max-snippet:-1, max-image-preview:large, max-video-preview:-1\" \/>\n<link rel=\"canonical\" href=\"https:\/\/fiscalteca.com\/?page_id=65\" \/>\n<meta property=\"og:locale\" content=\"es_ES\" \/>\n<meta property=\"og:type\" content=\"article\" \/>\n<meta property=\"og:title\" content=\"\u00bfQui\u00e9n est\u00e1 detr\u00e1s de la Fiscalteca? - Fiscalteca\" \/>\n<meta property=\"og:description\" content=\"Andrea Dom\u00ednguez Trillo Andrea es una asesora fiscal que curs\u00f3 su m\u00e1ster de especializaci\u00f3n en asesor\u00eda fiscal en el Centro de Estudios Financieros (CEF). Actualmente cursa el m\u00e1ster de Acceso a la Abogac\u00eda en la Universitat Oberta de Catalunya (UOC). info@fiscalteca.com Andrea Dom\u00ednguez @fiscalteca\" \/>\n<meta property=\"og:url\" content=\"https:\/\/fiscalteca.com\/?page_id=65\" \/>\n<meta property=\"og:site_name\" content=\"Fiscalteca\" \/>\n<meta property=\"article:modified_time\" content=\"2025-07-02T20:29:40+00:00\" \/>\n<meta name=\"twitter:card\" content=\"summary_large_image\" \/>\n<meta name=\"twitter:label1\" content=\"Tiempo de lectura\" \/>\n\t<meta name=\"twitter:data1\" content=\"1 minuto\" \/>\n<script type=\"application\/ld+json\" class=\"yoast-schema-graph\">{\"@context\":\"https:\/\/schema.org\",\"@graph\":[{\"@type\":\"WebPage\",\"@id\":\"https:\/\/fiscalteca.com\/?page_id=65\",\"url\":\"https:\/\/fiscalteca.com\/?page_id=65\",\"name\":\"\u00bfQui\u00e9n est\u00e1 detr\u00e1s de la Fiscalteca? - Fiscalteca\",\"isPartOf\":{\"@id\":\"https:\/\/fiscalteca.com\/#website\"},\"datePublished\":\"2025-03-06T18:55:41+00:00\",\"dateModified\":\"2025-07-02T20:29:40+00:00\",\"breadcrumb\":{\"@id\":\"https:\/\/fiscalteca.com\/?page_id=65#breadcrumb\"},\"inLanguage\":\"es\",\"potentialAction\":[{\"@type\":\"ReadAction\",\"target\":[\"https:\/\/fiscalteca.com\/?page_id=65\"]}]},{\"@type\":\"BreadcrumbList\",\"@id\":\"https:\/\/fiscalteca.com\/?page_id=65#breadcrumb\",\"itemListElement\":[{\"@type\":\"ListItem\",\"position\":1,\"name\":\"Home\",\"item\":\"https:\/\/fiscalteca.com\/?page_id=132\"},{\"@type\":\"ListItem\",\"position\":2,\"name\":\"\u00bfQui\u00e9n est\u00e1 detr\u00e1s de la Fiscalteca?\"}]},{\"@type\":\"WebSite\",\"@id\":\"https:\/\/fiscalteca.com\/#website\",\"url\":\"https:\/\/fiscalteca.com\/\",\"name\":\"Fiscalteca\",\"description\":\"\",\"potentialAction\":[{\"@type\":\"SearchAction\",\"target\":{\"@type\":\"EntryPoint\",\"urlTemplate\":\"https:\/\/fiscalteca.com\/?s={search_term_string}\"},\"query-input\":{\"@type\":\"PropertyValueSpecification\",\"valueRequired\":true,\"valueName\":\"search_term_string\"}}],\"inLanguage\":\"es\"}]}<\/script>\n<!-- \/ Yoast SEO plugin. -->","yoast_head_json":{"title":"\u00bfQui\u00e9n est\u00e1 detr\u00e1s de la Fiscalteca? - Fiscalteca","robots":{"index":"index","follow":"follow","max-snippet":"max-snippet:-1","max-image-preview":"max-image-preview:large","max-video-preview":"max-video-preview:-1"},"canonical":"https:\/\/fiscalteca.com\/?page_id=65","og_locale":"es_ES","og_type":"article","og_title":"\u00bfQui\u00e9n est\u00e1 detr\u00e1s de la Fiscalteca? - Fiscalteca","og_description":"Andrea Dom\u00ednguez Trillo Andrea es una asesora fiscal que curs\u00f3 su m\u00e1ster de especializaci\u00f3n en asesor\u00eda fiscal en el Centro de Estudios Financieros (CEF). Actualmente cursa el m\u00e1ster de Acceso a la Abogac\u00eda en la Universitat Oberta de Catalunya (UOC). info@fiscalteca.com Andrea Dom\u00ednguez @fiscalteca","og_url":"https:\/\/fiscalteca.com\/?page_id=65","og_site_name":"Fiscalteca","article_modified_time":"2025-07-02T20:29:40+00:00","twitter_card":"summary_large_image","twitter_misc":{"Tiempo de lectura":"1 minuto"},"schema":{"@context":"https:\/\/schema.org","@graph":[{"@type":"WebPage","@id":"https:\/\/fiscalteca.com\/?page_id=65","url":"https:\/\/fiscalteca.com\/?page_id=65","name":"\u00bfQui\u00e9n est\u00e1 detr\u00e1s de la Fiscalteca? - Fiscalteca","isPartOf":{"@id":"https:\/\/fiscalteca.com\/#website"},"datePublished":"2025-03-06T18:55:41+00:00","dateModified":"2025-07-02T20:29:40+00:00","breadcrumb":{"@id":"https:\/\/fiscalteca.com\/?page_id=65#breadcrumb"},"inLanguage":"es","potentialAction":[{"@type":"ReadAction","target":["https:\/\/fiscalteca.com\/?page_id=65"]}]},{"@type":"BreadcrumbList","@id":"https:\/\/fiscalteca.com\/?page_id=65#breadcrumb","itemListElement":[{"@type":"ListItem","position":1,"name":"Home","item":"https:\/\/fiscalteca.com\/?page_id=132"},{"@type":"ListItem","position":2,"name":"\u00bfQui\u00e9n est\u00e1 detr\u00e1s de la Fiscalteca?"}]},{"@type":"WebSite","@id":"https:\/\/fiscalteca.com\/#website","url":"https:\/\/fiscalteca.com\/","name":"Fiscalteca","description":"","potentialAction":[{"@type":"SearchAction","target":{"@type":"EntryPoint","urlTemplate":"https:\/\/fiscalteca.com\/?s={search_term_string}"},"query-input":{"@type":"PropertyValueSpecification","valueRequired":true,"valueName":"search_term_string"}}],"inLanguage":"es"}]}},"_links":{"self":[{"href":"https:\/\/fiscalteca.com\/index.php?rest_route=\/wp\/v2\/pages\/65","targetHints":{"allow":["GET"]}}],"collection":[{"href":"https:\/\/fiscalteca.com\/index.php?rest_route=\/wp\/v2\/pages"}],"about":[{"href":"https:\/\/fiscalteca.com\/index.php?rest_route=\/wp\/v2\/types\/page"}],"author":[{"embeddable":true,"href":"https:\/\/fiscalteca.com\/index.php?rest_route=\/wp\/v2\/users\/2"}],"replies":[{"embeddable":true,"href":"https:\/\/fiscalteca.com\/index.php?rest_route=%2Fwp%2Fv2%2Fcomments&post=65"}],"version-history":[{"count":8,"href":"https:\/\/fiscalteca.com\/index.php?rest_route=\/wp\/v2\/pages\/65\/revisions"}],"predecessor-version":[{"id":268,"href":"https:\/\/fiscalteca.com\/index.php?rest_route=\/wp\/v2\/pages\/65\/revisions\/268"}],"wp:attachment":[{"href":"https:\/\/fiscalteca.com\/index.php?rest_route=%2Fwp%2Fv2%2Fmedia&parent=65"}],"curies":[{"name":"wp","href":"https:\/\/api.w.org\/{rel}","templated":true}]}}